{"id":14708,"date":"2025-04-09T15:44:45","date_gmt":"2025-04-09T13:44:45","guid":{"rendered":"https:\/\/villadulac-aiguebelette.fr\/?page_id=14708"},"modified":"2026-01-21T10:58:57","modified_gmt":"2026-01-21T09:58:57","slug":"blog","status":"publish","type":"page","link":"https:\/\/villadulac-aiguebelette.fr\/en\/blog\/","title":{"rendered":"Items"},"content":{"rendered":"<div data-elementor-type=\"wp-page\" data-elementor-id=\"14708\" class=\"elementor elementor-14708\">\n\t\t\t\t\t\t<section class=\"elementor-section elementor-top-section elementor-element elementor-element-d249cfc elementor-section-full_width elementor-section-height-min-height elementor-section-height-default elementor-section-items-middle\" data-id=\"d249cfc\" data-element_type=\"section\" data-settings=\"{&quot;background_background&quot;:&quot;classic&quot;}\">\n\t\t\t\t\t\t<div class=\"elementor-container elementor-column-gap-default\">\n\t\t\t\t\t<div class=\"elementor-column elementor-col-100 elementor-top-column elementor-element elementor-element-1ee2918\" data-id=\"1ee2918\" data-element_type=\"column\">\n\t\t\t<div class=\"elementor-widget-wrap\">\n\t\t\t\t\t\t\t<\/div>\n\t\t<\/div>\n\t\t\t\t\t<\/div>\n\t\t<\/section>\n\t\t\t\t<section class=\"elementor-section elementor-top-section elementor-element elementor-element-0122b37 elementor-section-boxed elementor-section-height-default elementor-section-height-default\" data-id=\"0122b37\" data-element_type=\"section\">\n\t\t\t\t\t\t<div class=\"elementor-container elementor-column-gap-default\">\n\t\t\t\t\t<div class=\"elementor-column elementor-col-100 elementor-top-column elementor-element elementor-element-8831d16\" data-id=\"8831d16\" data-element_type=\"column\">\n\t\t\t<div class=\"elementor-widget-wrap elementor-element-populated\">\n\t\t\t\t\t\t<div class=\"elementor-element elementor-element-deb4d9c elementor-widget elementor-widget-heading\" data-id=\"deb4d9c\" data-element_type=\"widget\" data-widget_type=\"heading.default\">\n\t\t\t\t<div class=\"elementor-widget-container\">\n\t\t\t\t\t<h2 class=\"elementor-heading-title elementor-size-default\">Our blog<\/h2>\t\t\t\t<\/div>\n\t\t\t\t<\/div>\n\t\t\t\t<div class=\"elementor-element elementor-element-f14448d elementor-widget elementor-widget-text-editor\" data-id=\"f14448d\" data-element_type=\"widget\" data-widget_type=\"text-editor.default\">\n\t\t\t\t<div class=\"elementor-widget-container\">\n\t\t\t\t\t\t\t\t\t<p>Discover the latest news from La Villa du Lac: activities, seminars, events and more.<\/p>\t\t\t\t\t\t\t\t<\/div>\n\t\t\t\t<\/div>\n\t\t\t\t\t<\/div>\n\t\t<\/div>\n\t\t\t\t\t<\/div>\n\t\t<\/section>\n\t\t\t\t<section class=\"elementor-section elementor-top-section elementor-element elementor-element-2458aee elementor-section-full_width elementor-section-height-default elementor-section-height-default\" data-id=\"2458aee\" data-element_type=\"section\">\n\t\t\t\t\t\t<div class=\"elementor-container elementor-column-gap-default\">\n\t\t\t\t\t<div class=\"elementor-column elementor-col-100 elementor-top-column elementor-element elementor-element-869293c\" data-id=\"869293c\" data-element_type=\"column\">\n\t\t\t<div class=\"elementor-widget-wrap elementor-element-populated\">\n\t\t\t\t\t\t<div class=\"elementor-element elementor-element-c3f1e62 elementor-widget elementor-widget-jet-blog-smart-listing\" data-id=\"c3f1e62\" data-element_type=\"widget\" data-widget_type=\"jet-blog-smart-listing.default\">\n\t\t\t\t<div class=\"elementor-widget-container\">\n\t\t\t\t\t<div class=\"elementor-jet-blog-smart-listing jet-blog\"><div class=\"jet-smart-listing-wrap\" data-settings='{&quot;block_title&quot;:&quot;&quot;,&quot;title_tag&quot;:&quot;h3&quot;,&quot;featured_post&quot;:&quot;&quot;,&quot;featured_position&quot;:null,&quot;featured_width&quot;:null,&quot;featured_layout&quot;:null,&quot;featured_image_size&quot;:null,&quot;featured_image_position&quot;:null,&quot;featured_image_width&quot;:null,&quot;featured_excerpt_length&quot;:null,&quot;featured_excerpt_trimmed_ending&quot;:null,&quot;featured_read_more&quot;:null,&quot;featured_read_more_text&quot;:null,&quot;featured_show_meta&quot;:null,&quot;featured_show_author&quot;:null,&quot;featured_show_author_avatar&quot;:null,&quot;featured_show_author_from&quot;:null,&quot;featured_avatar_custom_field&quot;:null,&quot;featured_avatar_size&quot;:null,&quot;featured_show_author_icon&quot;:null,&quot;selected_featured_show_author_icon&quot;:null,&quot;featured_show_date&quot;:null,&quot;featured_show_date_icon&quot;:null,&quot;selected_featured_show_date_icon&quot;:null,&quot;featured_show_comments&quot;:null,&quot;featured_show_comments_icon&quot;:null,&quot;selected_featured_show_comments_icon&quot;:null,&quot;posts_columns_widescreen&quot;:null,&quot;posts_columns&quot;:&quot;3&quot;,&quot;posts_columns_laptop&quot;:null,&quot;posts_columns_tablet_extra&quot;:null,&quot;posts_columns_tablet&quot;:&quot;2&quot;,&quot;posts_columns_mobile_extra&quot;:null,&quot;posts_columns_mobile&quot;:&quot;1&quot;,&quot;posts_rows_widescreen&quot;:null,&quot;posts_rows&quot;:&quot;5&quot;,&quot;posts_rows_laptop&quot;:null,&quot;posts_rows_tablet_extra&quot;:null,&quot;posts_rows_tablet&quot;:&quot;6&quot;,&quot;posts_rows_mobile_extra&quot;:null,&quot;posts_rows_mobile&quot;:&quot;6&quot;,&quot;image_size&quot;:&quot;th_img_md_landscape&quot;,&quot;image_position&quot;:&quot;top&quot;,&quot;image_width&quot;:null,&quot;excerpt_length&quot;:20,&quot;excerpt_trimmed_ending&quot;:&quot;...&quot;,&quot;read_more&quot;:&quot;yes&quot;,&quot;read_more_text&quot;:&quot;Lire la suite...&quot;,&quot;show_meta&quot;:&quot;&quot;,&quot;show_author&quot;:null,&quot;show_author_avatar&quot;:null,&quot;get_avatar_from&quot;:null,&quot;avatar_custom_field&quot;:null,&quot;avatar_size&quot;:null,&quot;show_author_icon&quot;:null,&quot;selected_show_author_icon&quot;:null,&quot;show_date&quot;:null,&quot;show_date_icon&quot;:null,&quot;selected_show_date_icon&quot;:null,&quot;show_comments&quot;:null,&quot;show_comments_icon&quot;:null,&quot;selected_show_comments_icon&quot;:null,&quot;query_by&quot;:&quot;all&quot;,&quot;category_ids&quot;:null,&quot;post_tag_ids&quot;:null,&quot;include_ids&quot;:null,&quot;exclude_ids&quot;:&quot;&quot;,&quot;custom_query_by&quot;:&quot;all&quot;,&quot;custom_terms_ids&quot;:null,&quot;meta_query&quot;:&quot;&quot;,&quot;meta_key&quot;:null,&quot;meta_value&quot;:null,&quot;show_filter&quot;:&quot;yes&quot;,&quot;filter_by&quot;:&quot;category&quot;,&quot;show_all_btn&quot;:&quot;yes&quot;,&quot;all_btn_label&quot;:&quot;Tous les articles&quot;,&quot;more_terms_icon&quot;:null,&quot;selected_more_terms_icon&quot;:null,&quot;show_arrows&quot;:&quot;&quot;,&quot;arrow_type&quot;:null,&quot;show_featured_terms&quot;:null,&quot;show_featured_terms_tax&quot;:null,&quot;show_featured_terms_num&quot;:null,&quot;show_terms&quot;:&quot;yes&quot;,&quot;show_terms_tax&quot;:&quot;category&quot;,&quot;show_terms_num&quot;:&quot;all&quot;,&quot;featured_meta_position&quot;:null,&quot;meta_position&quot;:null,&quot;show_image&quot;:&quot;yes&quot;,&quot;post_type&quot;:[&quot;post&quot;],&quot;post_ids&quot;:null,&quot;content_related_meta&quot;:null,&quot;show_content_related_meta&quot;:&quot;&quot;,&quot;meta_content_related_position&quot;:null,&quot;title_related_meta&quot;:null,&quot;show_title_related_meta&quot;:&quot;&quot;,&quot;meta_title_related_position&quot;:null,&quot;featured_title_length&quot;:null,&quot;title_length&quot;:0,&quot;add_button_icon&quot;:&quot;&quot;,&quot;button_icon&quot;:null,&quot;selected_button_icon&quot;:null,&quot;post_add_button_icon&quot;:&quot;&quot;,&quot;post_button_icon&quot;:null,&quot;selected_post_button_icon&quot;:null,&quot;use_custom_query&quot;:&quot;&quot;,&quot;custom_query&quot;:null,&quot;posts_offset&quot;:0,&quot;order&quot;:&quot;DESC&quot;,&quot;order_by&quot;:&quot;date&quot;,&quot;is_archive_template&quot;:&quot;&quot;,&quot;query_builder_id&quot;:null}' data-page=\"1\" data-term=\"0\" data-scroll-top=\"\">\n\t<div class=\"jet-smart-listing__heading\"><span class=\"jet-smart-listing__title-placeholder\"><\/span><div class=\"jet-smart-listing__filter\" data-more=\"{&quot;icon&quot;:null,&quot;className&quot;:&quot;jet-smart-listing__filter-item jet-smart-listing__filter-more jet-blog-icon&quot;}\" data-rollup=\"\"><div class=\"jet-smart-listing__filter-item\"><a href=\"#\" data-term=\"0\">All articles<\/a><\/div><div class=\"jet-smart-listing__filter-item\"><a href=\"#\" data-term=\"61\">Events<\/a><\/div><div class=\"jet-smart-listing__filter-item\"><a href=\"#\" data-term=\"1\">Unclassified<\/a><\/div><\/div><\/div>\n\t<div class=\"jet-smart-listing rows-5 no-featured\"><div class=\"jet-smart-listing__posts\">\n\t\t\t\t<div class=\"jet-smart-listing__post-wrapper\">\n\t\t\t\t<div class=\"jet-smart-listing__post has-post-thumb\">\n\t\t\t\t\t<div class=\"jet-smart-listing__terms\"><a href=\"https:\/\/villadulac-aiguebelette.fr\/en\/category\/events\/\" class=\"jet-smart-listing__terms-link jet-smart-listing__terms-link--61\">Events<\/a><\/div>\t\t\t\t\t<div class=\"jet-smart-listing__post-thumbnail post-thumbnail-simple\"><a href=\"https:\/\/villadulac-aiguebelette.fr\/en\/new-years-eve-dinner-at-a-restaurant-in-savoie\/\"><img fetchpriority=\"high\" decoding=\"async\" width=\"605\" height=\"465\" src=\"https:\/\/villadulac-aiguebelette.fr\/wp-content\/uploads\/2025\/11\/la-villa-du-lac-noel-605x465.webp\" class=\"jet-smart-listing__post-thumbnail-img post-thumbnail-img-simple wp-post-image\" alt=\"New Year&#039;s Eve in Savoie: a refined dinner at the La Villa du Lac restaurant\" srcset=\"https:\/\/villadulac-aiguebelette.fr\/wp-content\/uploads\/2025\/11\/la-villa-du-lac-noel-605x465.webp 605w, https:\/\/villadulac-aiguebelette.fr\/wp-content\/uploads\/2025\/11\/la-villa-du-lac-noel-394x303.webp 394w\" sizes=\"(max-width: 605px) 100vw, 605px\" \/><\/a><\/div>\t\t\t\t\t<div class=\"jet-smart-listing__post-content\"><div class=\"jet-smart-listing__post-title post-title-simple\"><a href=\"https:\/\/villadulac-aiguebelette.fr\/en\/new-years-eve-dinner-at-a-restaurant-in-savoie\/\">New Year&#039;s Eve in Savoie: a refined dinner at the La Villa du Lac restaurant<\/a><\/div><div class=\"jet-smart-listing__post-excerpt post-excerpt-simple\">For New Year&#039;s Eve, La Villa du Lac offers an exceptional 8-course menu, live music...<\/div><div class=\"jet-smart-listing__more-wrap\"><a href=\"https:\/\/villadulac-aiguebelette.fr\/en\/new-years-eve-dinner-at-a-restaurant-in-savoie\/\" class=\"jet-smart-listing__more simple-more elementor-button elementor-size-md\"><span class=\"jet-smart-listing__more-text\">Read more...<\/span><\/a><\/div><\/div>\n\t\t\t\t<\/div>\n\t\t\t<\/div>\n\t\t\t\t\t\t<div class=\"jet-smart-listing__post-wrapper\">\n\t\t\t\t<div class=\"jet-smart-listing__post has-post-thumb\">\n\t\t\t\t\t<div class=\"jet-smart-listing__terms\"><a href=\"https:\/\/villadulac-aiguebelette.fr\/en\/category\/unclassified\/\" class=\"jet-smart-listing__terms-link jet-smart-listing__terms-link--1\">Unclassified<\/a><\/div>\t\t\t\t\t<div class=\"jet-smart-listing__post-thumbnail post-thumbnail-simple\"><a href=\"https:\/\/villadulac-aiguebelette.fr\/en\/end-of-year-meal-in-savoie-company\/\"><img decoding=\"async\" width=\"605\" height=\"465\" src=\"https:\/\/villadulac-aiguebelette.fr\/wp-content\/uploads\/2025\/08\/repas-noel-savoie-entreprise-605x465.webp\" class=\"jet-smart-listing__post-thumbnail-img post-thumbnail-img-simple wp-post-image\" alt=\"End-of-year corporate meal in Savoie: offer your teams an unforgettable moment\" srcset=\"https:\/\/villadulac-aiguebelette.fr\/wp-content\/uploads\/2025\/08\/repas-noel-savoie-entreprise-605x465.webp 605w, https:\/\/villadulac-aiguebelette.fr\/wp-content\/uploads\/2025\/08\/repas-noel-savoie-entreprise-394x303.webp 394w\" sizes=\"(max-width: 605px) 100vw, 605px\" \/><\/a><\/div>\t\t\t\t\t<div class=\"jet-smart-listing__post-content\"><div class=\"jet-smart-listing__post-title post-title-simple\"><a href=\"https:\/\/villadulac-aiguebelette.fr\/en\/end-of-year-meal-in-savoie-company\/\">End-of-year corporate meal in Savoie: offer your teams an unforgettable moment<\/a><\/div><div class=\"jet-smart-listing__post-excerpt post-excerpt-simple\">For your end-of-year corporate meal, choose La Villa du Lac in Savoie, which offers a change of scenery, conviviality and relaxation....<\/div><div class=\"jet-smart-listing__more-wrap\"><a href=\"https:\/\/villadulac-aiguebelette.fr\/en\/end-of-year-meal-in-savoie-company\/\" class=\"jet-smart-listing__more simple-more elementor-button elementor-size-md\"><span class=\"jet-smart-listing__more-text\">Read more...<\/span><\/a><\/div><\/div>\n\t\t\t\t<\/div>\n\t\t\t<\/div>\n\t\t\t\t\t\t<div class=\"jet-smart-listing__post-wrapper\">\n\t\t\t\t<div class=\"jet-smart-listing__post has-post-thumb\">\n\t\t\t\t\t<div class=\"jet-smart-listing__terms\"><a href=\"https:\/\/villadulac-aiguebelette.fr\/en\/category\/unclassified\/\" class=\"jet-smart-listing__terms-link jet-smart-listing__terms-link--1\">Unclassified<\/a><\/div>\t\t\t\t\t<div class=\"jet-smart-listing__post-thumbnail post-thumbnail-simple\"><a href=\"https:\/\/villadulac-aiguebelette.fr\/en\/team-building-savoie\/\"><img decoding=\"async\" width=\"605\" height=\"465\" src=\"https:\/\/villadulac-aiguebelette.fr\/wp-content\/uploads\/2025\/04\/paddle-aiguebelette-605x465.webp\" class=\"jet-smart-listing__post-thumbnail-img post-thumbnail-img-simple wp-post-image\" alt=\"Team Building in Savoie: Enjoy a unique experience on the shores of Lake Aiguebelette\" srcset=\"https:\/\/villadulac-aiguebelette.fr\/wp-content\/uploads\/2025\/04\/paddle-aiguebelette-605x465.webp 605w, https:\/\/villadulac-aiguebelette.fr\/wp-content\/uploads\/2025\/04\/paddle-aiguebelette-394x303.webp 394w\" sizes=\"(max-width: 605px) 100vw, 605px\" \/><\/a><\/div>\t\t\t\t\t<div class=\"jet-smart-listing__post-content\"><div class=\"jet-smart-listing__post-title post-title-simple\"><a href=\"https:\/\/villadulac-aiguebelette.fr\/en\/team-building-savoie\/\">Team Building in Savoie: Enjoy a unique experience on the shores of Lake Aiguebelette<\/a><\/div><div class=\"jet-smart-listing__post-excerpt post-excerpt-simple\">Organize a team building activity in Savoie: La Villa du Lac offers nature, a lake, and mountains for your team building activities.<\/div><div class=\"jet-smart-listing__more-wrap\"><a href=\"https:\/\/villadulac-aiguebelette.fr\/en\/team-building-savoie\/\" class=\"jet-smart-listing__more simple-more elementor-button elementor-size-md\"><span class=\"jet-smart-listing__more-text\">Read more...<\/span><\/a><\/div><\/div>\n\t\t\t\t<\/div>\n\t\t\t<\/div>\n\t\t\t\t\t\t<div class=\"jet-smart-listing__post-wrapper\">\n\t\t\t\t<div class=\"jet-smart-listing__post has-post-thumb\">\n\t\t\t\t\t<div class=\"jet-smart-listing__terms\"><a href=\"https:\/\/villadulac-aiguebelette.fr\/en\/category\/unclassified\/\" class=\"jet-smart-listing__terms-link jet-smart-listing__terms-link--1\">Unclassified<\/a><\/div>\t\t\t\t\t<div class=\"jet-smart-listing__post-thumbnail post-thumbnail-simple\"><a href=\"https:\/\/villadulac-aiguebelette.fr\/en\/organize-a-seminar-near-chambery\/\"><img loading=\"lazy\" decoding=\"async\" width=\"605\" height=\"465\" src=\"https:\/\/villadulac-aiguebelette.fr\/wp-content\/uploads\/2025\/05\/seminaire-villa-du-lac-605x465.webp\" class=\"jet-smart-listing__post-thumbnail-img post-thumbnail-img-simple wp-post-image\" alt=\"Organize a seminar near Chamb\u00e9ry\" srcset=\"https:\/\/villadulac-aiguebelette.fr\/wp-content\/uploads\/2025\/05\/seminaire-villa-du-lac-605x465.webp 605w, https:\/\/villadulac-aiguebelette.fr\/wp-content\/uploads\/2025\/05\/seminaire-villa-du-lac-394x303.webp 394w\" sizes=\"(max-width: 605px) 100vw, 605px\" \/><\/a><\/div>\t\t\t\t\t<div class=\"jet-smart-listing__post-content\"><div class=\"jet-smart-listing__post-title post-title-simple\"><a href=\"https:\/\/villadulac-aiguebelette.fr\/en\/organize-a-seminar-near-chambery\/\">Organize a seminar near Chamb\u00e9ry<\/a><\/div><div class=\"jet-smart-listing__post-excerpt post-excerpt-simple\">Discover La Villa du Lac, just 20 minutes from Chamb\u00e9ry, it&#039;s the ideal location for your business seminar in...<\/div><div class=\"jet-smart-listing__more-wrap\"><a href=\"https:\/\/villadulac-aiguebelette.fr\/en\/organize-a-seminar-near-chambery\/\" class=\"jet-smart-listing__more simple-more elementor-button elementor-size-md\"><span class=\"jet-smart-listing__more-text\">Read more...<\/span><\/a><\/div><\/div>\n\t\t\t\t<\/div>\n\t\t\t<\/div>\n\t\t\t<\/div>\n<\/div>\n\t<\/div>\n<div class=\"jet-smart-listing-loading\"><\/div><\/div>\t\t\t\t<\/div>\n\t\t\t\t<\/div>\n\t\t\t\t\t<\/div>\n\t\t<\/div>\n\t\t\t\t\t<\/div>\n\t\t<\/section>\n\t\t\t\t<\/div>","protected":false},"excerpt":{"rendered":"<p>Notre blog D\u00e9couvrez les derni\u00e8res actualit\u00e9s de La Villa du Lac : activit\u00e9s, s\u00e9minaires, \u00e9v\u00e9nements et plus encore. Tous les articles\u00c9venementsS\u00e9minaires \u00c9venements R\u00e9veillon du Nouvel An en Savoie : un d\u00eener raffin\u00e9 au restaurant La Villa du LacPour le R\u00e9veillon &hellip; <a href=\"https:\/\/villadulac-aiguebelette.fr\/en\/organize-a-seminar-near-chambery\/\">Read More<\/a> \u2026 <a href=\"https:\/\/villadulac-aiguebelette.fr\/en\/organize-a-seminar-near-chambery\/\">Read More<\/a><\/p>","protected":false},"author":8,"featured_media":0,"parent":0,"menu_order":0,"comment_status":"closed","ping_status":"closed","template":"","meta":{"footnotes":""},"class_list":["post-14708","page","type-page","status-publish","hentry"],"yoast_head":"<!-- This site is optimized with the Yoast SEO plugin v26.6 - https:\/\/yoast.com\/wordpress\/plugins\/seo\/ -->\n<title>Articles - La Villa du Lac<\/title>\n<meta name=\"robots\" content=\"index, follow, max-snippet:-1, max-image-preview:large, max-video-preview:-1\" \/>\n<link rel=\"canonical\" href=\"https:\/\/villadulac-aiguebelette.fr\/en\/blog\/\" \/>\n<meta property=\"og:locale\" content=\"en_GB\" \/>\n<meta property=\"og:type\" content=\"article\" \/>\n<meta property=\"og:title\" content=\"Articles - La Villa du Lac\" \/>\n<meta property=\"og:description\" content=\"Notre blog D\u00e9couvrez les derni\u00e8res actualit\u00e9s de La Villa du Lac : activit\u00e9s, s\u00e9minaires, \u00e9v\u00e9nements et plus encore. Tous les articles\u00c9venementsS\u00e9minaires \u00c9venements R\u00e9veillon du Nouvel An en Savoie : un d\u00eener raffin\u00e9 au restaurant La Villa du LacPour le R\u00e9veillon &hellip; Read More &hellip; Read More\" \/>\n<meta property=\"og:url\" content=\"https:\/\/villadulac-aiguebelette.fr\/en\/blog\/\" \/>\n<meta property=\"og:site_name\" content=\"La Villa du Lac\" \/>\n<meta property=\"article:publisher\" content=\"https:\/\/www.facebook.com\/VDLaiguebelette\" \/>\n<meta property=\"article:modified_time\" content=\"2026-01-21T09:58:57+00:00\" \/>\n<meta property=\"og:image\" content=\"https:\/\/villadulac-aiguebelette.fr\/wp-content\/uploads\/2025\/11\/la-villa-du-lac-noel-605x465.webp\" \/>\n<meta name=\"twitter:card\" content=\"summary_large_image\" \/>\n<script type=\"application\/ld+json\" class=\"yoast-schema-graph\">{\"@context\":\"https:\/\/schema.org\",\"@graph\":[{\"@type\":\"WebPage\",\"@id\":\"https:\/\/villadulac-aiguebelette.fr\/blog\/\",\"url\":\"https:\/\/villadulac-aiguebelette.fr\/blog\/\",\"name\":\"Articles - La Villa du Lac\",\"isPartOf\":{\"@id\":\"https:\/\/villadulac-aiguebelette.fr\/#website\"},\"primaryImageOfPage\":{\"@id\":\"https:\/\/villadulac-aiguebelette.fr\/blog\/#primaryimage\"},\"image\":{\"@id\":\"https:\/\/villadulac-aiguebelette.fr\/blog\/#primaryimage\"},\"thumbnailUrl\":\"https:\/\/villadulac-aiguebelette.fr\/wp-content\/uploads\/2025\/11\/la-villa-du-lac-noel-605x465.webp\",\"datePublished\":\"2025-04-09T13:44:45+00:00\",\"dateModified\":\"2026-01-21T09:58:57+00:00\",\"breadcrumb\":{\"@id\":\"https:\/\/villadulac-aiguebelette.fr\/blog\/#breadcrumb\"},\"inLanguage\":\"en-GB\",\"potentialAction\":[{\"@type\":\"ReadAction\",\"target\":[\"https:\/\/villadulac-aiguebelette.fr\/blog\/\"]}]},{\"@type\":\"ImageObject\",\"inLanguage\":\"en-GB\",\"@id\":\"https:\/\/villadulac-aiguebelette.fr\/blog\/#primaryimage\",\"url\":\"https:\/\/villadulac-aiguebelette.fr\/wp-content\/uploads\/2025\/11\/la-villa-du-lac-noel-605x465.webp\",\"contentUrl\":\"https:\/\/villadulac-aiguebelette.fr\/wp-content\/uploads\/2025\/11\/la-villa-du-lac-noel-605x465.webp\"},{\"@type\":\"BreadcrumbList\",\"@id\":\"https:\/\/villadulac-aiguebelette.fr\/blog\/#breadcrumb\",\"itemListElement\":[{\"@type\":\"ListItem\",\"position\":1,\"name\":\"Accueil\",\"item\":\"https:\/\/villadulac-aiguebelette.fr\/\"},{\"@type\":\"ListItem\",\"position\":2,\"name\":\"Articles\"}]},{\"@type\":\"WebSite\",\"@id\":\"https:\/\/villadulac-aiguebelette.fr\/#website\",\"url\":\"https:\/\/villadulac-aiguebelette.fr\/\",\"name\":\"La Villa du Lac\",\"description\":\"\",\"publisher\":{\"@id\":\"https:\/\/villadulac-aiguebelette.fr\/#organization\"},\"potentialAction\":[{\"@type\":\"SearchAction\",\"target\":{\"@type\":\"EntryPoint\",\"urlTemplate\":\"https:\/\/villadulac-aiguebelette.fr\/?s={search_term_string}\"},\"query-input\":{\"@type\":\"PropertyValueSpecification\",\"valueRequired\":true,\"valueName\":\"search_term_string\"}}],\"inLanguage\":\"en-GB\"},{\"@type\":\"Organization\",\"@id\":\"https:\/\/villadulac-aiguebelette.fr\/#organization\",\"name\":\"La Villa du Lac\",\"url\":\"https:\/\/villadulac-aiguebelette.fr\/\",\"logo\":{\"@type\":\"ImageObject\",\"inLanguage\":\"en-GB\",\"@id\":\"https:\/\/villadulac-aiguebelette.fr\/#\/schema\/logo\/image\/\",\"url\":\"https:\/\/villadulac-aiguebelette.fr\/wp-content\/uploads\/2023\/04\/logo-la-villa-du-lac-06.png\",\"contentUrl\":\"https:\/\/villadulac-aiguebelette.fr\/wp-content\/uploads\/2023\/04\/logo-la-villa-du-lac-06.png\",\"width\":2917,\"height\":2917,\"caption\":\"La Villa du Lac\"},\"image\":{\"@id\":\"https:\/\/villadulac-aiguebelette.fr\/#\/schema\/logo\/image\/\"},\"sameAs\":[\"https:\/\/www.facebook.com\/VDLaiguebelette\",\"https:\/\/www.instagram.com\/vdlaiguebelette\/\",\"https:\/\/www.linkedin.com\/company\/vdlaiguebelette\/\"]}]}<\/script>\n<!-- \/ Yoast SEO plugin. -->","yoast_head_json":{"title":"Articles - The Lake Villa","robots":{"index":"index","follow":"follow","max-snippet":"max-snippet:-1","max-image-preview":"max-image-preview:large","max-video-preview":"max-video-preview:-1"},"canonical":"https:\/\/villadulac-aiguebelette.fr\/en\/blog\/","og_locale":"en_GB","og_type":"article","og_title":"Articles - La Villa du Lac","og_description":"Notre blog D\u00e9couvrez les derni\u00e8res actualit\u00e9s de La Villa du Lac : activit\u00e9s, s\u00e9minaires, \u00e9v\u00e9nements et plus encore. Tous les articles\u00c9venementsS\u00e9minaires \u00c9venements R\u00e9veillon du Nouvel An en Savoie : un d\u00eener raffin\u00e9 au restaurant La Villa du LacPour le R\u00e9veillon &hellip; Read More &hellip; Read More","og_url":"https:\/\/villadulac-aiguebelette.fr\/en\/blog\/","og_site_name":"La Villa du Lac","article_publisher":"https:\/\/www.facebook.com\/VDLaiguebelette","article_modified_time":"2026-01-21T09:58:57+00:00","og_image":[{"url":"https:\/\/villadulac-aiguebelette.fr\/wp-content\/uploads\/2025\/11\/la-villa-du-lac-noel-605x465.webp","type":"","width":"","height":""}],"twitter_card":"summary_large_image","schema":{"@context":"https:\/\/schema.org","@graph":[{"@type":"WebPage","@id":"https:\/\/villadulac-aiguebelette.fr\/blog\/","url":"https:\/\/villadulac-aiguebelette.fr\/blog\/","name":"Articles - The Lake Villa","isPartOf":{"@id":"https:\/\/villadulac-aiguebelette.fr\/#website"},"primaryImageOfPage":{"@id":"https:\/\/villadulac-aiguebelette.fr\/blog\/#primaryimage"},"image":{"@id":"https:\/\/villadulac-aiguebelette.fr\/blog\/#primaryimage"},"thumbnailUrl":"https:\/\/villadulac-aiguebelette.fr\/wp-content\/uploads\/2025\/11\/la-villa-du-lac-noel-605x465.webp","datePublished":"2025-04-09T13:44:45+00:00","dateModified":"2026-01-21T09:58:57+00:00","breadcrumb":{"@id":"https:\/\/villadulac-aiguebelette.fr\/blog\/#breadcrumb"},"inLanguage":"en-GB","potentialAction":[{"@type":"ReadAction","target":["https:\/\/villadulac-aiguebelette.fr\/blog\/"]}]},{"@type":"ImageObject","inLanguage":"en-GB","@id":"https:\/\/villadulac-aiguebelette.fr\/blog\/#primaryimage","url":"https:\/\/villadulac-aiguebelette.fr\/wp-content\/uploads\/2025\/11\/la-villa-du-lac-noel-605x465.webp","contentUrl":"https:\/\/villadulac-aiguebelette.fr\/wp-content\/uploads\/2025\/11\/la-villa-du-lac-noel-605x465.webp"},{"@type":"BreadcrumbList","@id":"https:\/\/villadulac-aiguebelette.fr\/blog\/#breadcrumb","itemListElement":[{"@type":"ListItem","position":1,"name":"Accueil","item":"https:\/\/villadulac-aiguebelette.fr\/"},{"@type":"ListItem","position":2,"name":"Articles"}]},{"@type":"WebSite","@id":"https:\/\/villadulac-aiguebelette.fr\/#website","url":"https:\/\/villadulac-aiguebelette.fr\/","name":"La Villa du Lac","description":"","publisher":{"@id":"https:\/\/villadulac-aiguebelette.fr\/#organization"},"potentialAction":[{"@type":"SearchAction","target":{"@type":"EntryPoint","urlTemplate":"https:\/\/villadulac-aiguebelette.fr\/?s={search_term_string}"},"query-input":{"@type":"PropertyValueSpecification","valueRequired":true,"valueName":"search_term_string"}}],"inLanguage":"en-GB"},{"@type":"Organization","@id":"https:\/\/villadulac-aiguebelette.fr\/#organization","name":"La Villa du Lac","url":"https:\/\/villadulac-aiguebelette.fr\/","logo":{"@type":"ImageObject","inLanguage":"en-GB","@id":"https:\/\/villadulac-aiguebelette.fr\/#\/schema\/logo\/image\/","url":"https:\/\/villadulac-aiguebelette.fr\/wp-content\/uploads\/2023\/04\/logo-la-villa-du-lac-06.png","contentUrl":"https:\/\/villadulac-aiguebelette.fr\/wp-content\/uploads\/2023\/04\/logo-la-villa-du-lac-06.png","width":2917,"height":2917,"caption":"La Villa du Lac"},"image":{"@id":"https:\/\/villadulac-aiguebelette.fr\/#\/schema\/logo\/image\/"},"sameAs":["https:\/\/www.facebook.com\/VDLaiguebelette","https:\/\/www.instagram.com\/vdlaiguebelette\/","https:\/\/www.linkedin.com\/company\/vdlaiguebelette\/"]}]}},"_links":{"self":[{"href":"https:\/\/villadulac-aiguebelette.fr\/en\/wp-json\/wp\/v2\/pages\/14708","targetHints":{"allow":["GET"]}}],"collection":[{"href":"https:\/\/villadulac-aiguebelette.fr\/en\/wp-json\/wp\/v2\/pages"}],"about":[{"href":"https:\/\/villadulac-aiguebelette.fr\/en\/wp-json\/wp\/v2\/types\/page"}],"author":[{"embeddable":true,"href":"https:\/\/villadulac-aiguebelette.fr\/en\/wp-json\/wp\/v2\/users\/8"}],"replies":[{"embeddable":true,"href":"https:\/\/villadulac-aiguebelette.fr\/en\/wp-json\/wp\/v2\/comments?post=14708"}],"version-history":[{"count":15,"href":"https:\/\/villadulac-aiguebelette.fr\/en\/wp-json\/wp\/v2\/pages\/14708\/revisions"}],"predecessor-version":[{"id":18289,"href":"https:\/\/villadulac-aiguebelette.fr\/en\/wp-json\/wp\/v2\/pages\/14708\/revisions\/18289"}],"wp:attachment":[{"href":"https:\/\/villadulac-aiguebelette.fr\/en\/wp-json\/wp\/v2\/media?parent=14708"}],"curies":[{"name":"wp","href":"https:\/\/api.w.org\/{rel}","templated":true}]}}