{"id":17746,"date":"2026-01-15T14:17:35","date_gmt":"2026-01-15T13:17:35","guid":{"rendered":"https:\/\/villadulac-aiguebelette.fr\/?page_id=17746"},"modified":"2026-02-26T17:03:49","modified_gmt":"2026-02-26T16:03:49","slug":"lifestyle-lake-aiguebelette","status":"publish","type":"page","link":"https:\/\/villadulac-aiguebelette.fr\/en\/lifestyle-lake-aiguebelette\/","title":{"rendered":"The Villa"},"content":{"rendered":"<div data-elementor-type=\"wp-page\" data-elementor-id=\"17746\" class=\"elementor elementor-17746\">\n\t\t\t\t\t\t<section class=\"elementor-section elementor-top-section elementor-element elementor-element-ddd70fe elementor-section-height-min-height elementor-section-items-bottom elementor-section-boxed elementor-section-height-default\" data-id=\"ddd70fe\" data-element_type=\"section\" data-settings=\"{&quot;background_background&quot;:&quot;slideshow&quot;,&quot;background_slideshow_gallery&quot;:[{&quot;id&quot;:18782,&quot;url&quot;:&quot;https:\\\/\\\/villadulac-aiguebelette.fr\\\/wp-content\\\/uploads\\\/2026\\\/02\\\/entree-la-villa-du-lac-.png&quot;}],&quot;background_slideshow_loop&quot;:&quot;yes&quot;,&quot;background_slideshow_slide_duration&quot;:5000,&quot;background_slideshow_slide_transition&quot;:&quot;fade&quot;,&quot;background_slideshow_transition_duration&quot;:500}\">\n\t\t\t\t\t\t<div class=\"elementor-container elementor-column-gap-default\">\n\t\t\t\t\t<div class=\"elementor-column elementor-col-100 elementor-top-column elementor-element elementor-element-f5ef92a\" data-id=\"f5ef92a\" data-element_type=\"column\">\n\t\t\t<div class=\"elementor-widget-wrap\">\n\t\t\t\t\t\t\t<\/div>\n\t\t<\/div>\n\t\t\t\t\t<\/div>\n\t\t<\/section>\n\t\t<div class=\"elementor-element elementor-element-5534dbb e-flex e-con-boxed e-con e-parent\" data-id=\"5534dbb\" data-element_type=\"container\">\n\t\t\t\t\t<div class=\"e-con-inner\">\n\t\t<div class=\"elementor-element elementor-element-67c1453 e-con-full e-flex e-con e-child\" data-id=\"67c1453\" data-element_type=\"container\">\n\t\t\t\t<div class=\"elementor-element elementor-element-6647329 elementor-widget elementor-widget-heading\" data-id=\"6647329\" data-element_type=\"widget\" data-widget_type=\"heading.default\">\n\t\t\t\t<div class=\"elementor-widget-container\">\n\t\t\t\t\t<h2 class=\"elementor-heading-title elementor-size-default\">THE SOUL OF THE VILLA<\/h2>\t\t\t\t<\/div>\n\t\t\t\t<\/div>\n\t\t\t\t<div class=\"elementor-element elementor-element-a19f732 elementor-widget elementor-widget-text-editor\" data-id=\"a19f732\" data-element_type=\"widget\" data-widget_type=\"text-editor.default\">\n\t\t\t\t<div class=\"elementor-widget-container\">\n\t\t\t\t\t\t\t\t\t<p>Driven by the soul and vision of Karine and Sylvain Brun, the villa is reborn as an exceptional place, where timeless elegance meets a sensitivity deeply rooted in its environment.<\/p><p>\u00a0<\/p><p>Through a subtly revisited art deco style, the couple wanted to enhance the identity of the place while respecting the harmony of the blue and green colours, natural echoes of the lakeside landscape that surrounds it.<\/p><p>\u00a0<\/p><p>Every detail has been carefully considered to create a warm, refined, and authentic atmosphere. This same commitment to quality is reflected in the cuisine, which is local, fresh, and seasonal, celebrating regional produce with precision and creativity.<\/p><p>\u00a0<\/p><p>The villa thus becomes a timeless refuge, where the art of hospitality, the beauty of the setting and the pleasure of the senses are delicately combined.<\/p>\t\t\t\t\t\t\t\t<\/div>\n\t\t\t\t<\/div>\n\t\t\t\t<\/div>\n\t\t<div class=\"elementor-element elementor-element-2c373de e-con-full e-flex e-con e-child\" data-id=\"2c373de\" data-element_type=\"container\">\n\t\t\t\t<div class=\"elementor-element elementor-element-ad76548 elementor-widget elementor-widget-image\" data-id=\"ad76548\" data-element_type=\"widget\" data-widget_type=\"image.default\">\n\t\t\t\t<div class=\"elementor-widget-container\">\n\t\t\t\t\t\t\t\t\t\t\t\t\t\t\t<img fetchpriority=\"high\" decoding=\"async\" width=\"605\" height=\"806\" src=\"https:\/\/villadulac-aiguebelette.fr\/wp-content\/uploads\/2026\/02\/105A9755-605x806.jpg\" class=\"attachment-th_img_md_portrait size-th_img_md_portrait wp-image-18481\" alt=\"105A9755\" srcset=\"https:\/\/villadulac-aiguebelette.fr\/wp-content\/uploads\/2026\/02\/105A9755-605x806.jpg 605w, https:\/\/villadulac-aiguebelette.fr\/wp-content\/uploads\/2026\/02\/105A9755-8x12.jpg 8w\" sizes=\"(max-width: 605px) 100vw, 605px\" \/>\t\t\t\t\t\t\t\t\t\t\t\t\t\t\t<\/div>\n\t\t\t\t<\/div>\n\t\t\t\t<\/div>\n\t\t\t\t\t<\/div>\n\t\t\t\t<\/div>\n\t\t<div class=\"elementor-element elementor-element-d5fc758 e-con-full e-flex e-con e-parent\" data-id=\"d5fc758\" data-element_type=\"container\">\n\t\t<div class=\"elementor-element elementor-element-5ff1c46 e-con-full e-flex e-con e-child\" data-id=\"5ff1c46\" data-element_type=\"container\">\n\t\t\t\t<div class=\"elementor-element elementor-element-38f5c91 elementor-widget elementor-widget-image\" data-id=\"38f5c91\" data-element_type=\"widget\" data-widget_type=\"image.default\">\n\t\t\t\t<div class=\"elementor-widget-container\">\n\t\t\t\t\t\t\t\t\t\t\t\t\t\t\t<img decoding=\"async\" width=\"1024\" height=\"1024\" src=\"https:\/\/villadulac-aiguebelette.fr\/wp-content\/uploads\/2026\/01\/Verriere-et-maison-2-1024x1024.png\" class=\"attachment-large size-large wp-image-17633\" alt=\"Glass roof and house\" srcset=\"https:\/\/villadulac-aiguebelette.fr\/wp-content\/uploads\/2026\/01\/Verriere-et-maison-2-1024x1024.png 1024w, https:\/\/villadulac-aiguebelette.fr\/wp-content\/uploads\/2026\/01\/Verriere-et-maison-2-300x300.png 300w, https:\/\/villadulac-aiguebelette.fr\/wp-content\/uploads\/2026\/01\/Verriere-et-maison-2-150x150.png 150w, https:\/\/villadulac-aiguebelette.fr\/wp-content\/uploads\/2026\/01\/Verriere-et-maison-2-768x768.png 768w, https:\/\/villadulac-aiguebelette.fr\/wp-content\/uploads\/2026\/01\/Verriere-et-maison-2-1536x1536.png 1536w, https:\/\/villadulac-aiguebelette.fr\/wp-content\/uploads\/2026\/01\/Verriere-et-maison-2-2048x2048.png 2048w, https:\/\/villadulac-aiguebelette.fr\/wp-content\/uploads\/2026\/01\/Verriere-et-maison-2-12x12.png 12w, https:\/\/villadulac-aiguebelette.fr\/wp-content\/uploads\/2026\/01\/Verriere-et-maison-2-80x80.png 80w, https:\/\/villadulac-aiguebelette.fr\/wp-content\/uploads\/2026\/01\/Verriere-et-maison-2-394x394.png 394w, https:\/\/villadulac-aiguebelette.fr\/wp-content\/uploads\/2026\/01\/Verriere-et-maison-2-303x303.png 303w, https:\/\/villadulac-aiguebelette.fr\/wp-content\/uploads\/2026\/01\/Verriere-et-maison-2-605x605.png 605w, https:\/\/villadulac-aiguebelette.fr\/wp-content\/uploads\/2026\/01\/Verriere-et-maison-2-700x700.png 700w, https:\/\/villadulac-aiguebelette.fr\/wp-content\/uploads\/2026\/01\/Verriere-et-maison-2-950x950.png 950w, https:\/\/villadulac-aiguebelette.fr\/wp-content\/uploads\/2026\/01\/Verriere-et-maison-2-1080x1080.png 1080w, https:\/\/villadulac-aiguebelette.fr\/wp-content\/uploads\/2026\/01\/Verriere-et-maison-2-100x100.png 100w, https:\/\/villadulac-aiguebelette.fr\/wp-content\/uploads\/2026\/01\/Verriere-et-maison-2-600x600.png 600w\" sizes=\"(max-width: 1024px) 100vw, 1024px\" \/>\t\t\t\t\t\t\t\t\t\t\t\t\t\t\t<\/div>\n\t\t\t\t<\/div>\n\t\t\t\t<\/div>\n\t\t<div class=\"elementor-element elementor-element-0c9dcb4 e-con-full e-flex e-con e-child\" data-id=\"0c9dcb4\" data-element_type=\"container\">\n\t\t<div class=\"elementor-element elementor-element-1c5ae76 e-flex e-con-boxed e-con e-child\" data-id=\"1c5ae76\" data-element_type=\"container\">\n\t\t\t\t\t<div class=\"e-con-inner\">\n\t\t\t\t<div class=\"elementor-element elementor-element-a6b1537 elementor-widget elementor-widget-heading\" data-id=\"a6b1537\" data-element_type=\"widget\" data-widget_type=\"heading.default\">\n\t\t\t\t<div class=\"elementor-widget-container\">\n\t\t\t\t\t<h2 class=\"elementor-heading-title elementor-size-default\">THE LAKE VILLA <\/h2>\t\t\t\t<\/div>\n\t\t\t\t<\/div>\n\t\t\t\t<div class=\"elementor-element elementor-element-4204e1a elementor-widget elementor-widget-text-editor\" data-id=\"4204e1a\" data-element_type=\"widget\" data-widget_type=\"text-editor.default\">\n\t\t\t\t<div class=\"elementor-widget-container\">\n\t\t\t\t\t\t\t\t\t<p>\u00a0<span class=\"a_GcMg font-feature-liga-off font-feature-clig-off font-feature-calt-off text-decoration-none text-strikethrough-none\">Since its opening in the early 1900s in Aiguebelette-le-Lac, the establishment, which was once called \u201cThe Lake Hotel\u201d, has always welcomed visitors from neighbouring regions in search of rest and comfort. The renovation we have carried out has given this historic place its unique character. We offer travellers and tourists a relaxing stopover at La Villa du Lac.<\/span><span class=\"a_GcMg font-feature-liga-off font-feature-clig-off font-feature-calt-off text-decoration-none text-strikethrough-none\">\u00a0<\/span><\/p><p>\u00a0<\/p><p class=\"cvGsUA direction-ltr align-center para-style-body\"><span class=\"a_GcMg font-feature-liga-off font-feature-clig-off font-feature-calt-off text-decoration-none text-strikethrough-none\">More than just a hotel, Villa du Lac offers certified &quot;furnished tourist accommodation&quot; rooms with a style that is both modern and inspired by the early 20th century. Period furniture, sourced from collectors, gives each room a unique, refined, and elegant atmosphere.<\/span><\/p><p>\u00a0<\/p><p class=\"cvGsUA direction-ltr align-center para-style-body\"><span class=\"a_GcMg font-feature-liga-off font-feature-clig-off font-feature-calt-off text-decoration-none text-strikethrough-none\">Each room offers a decoration that is in perfect harmony with the history of this place, while providing modernity and today's comfort, and thus restoring La Villa du Lac to its former glory.<\/span><\/p>\t\t\t\t\t\t\t\t<\/div>\n\t\t\t\t<\/div>\n\t\t\t\t\t<\/div>\n\t\t\t\t<\/div>\n\t\t\t\t<\/div>\n\t\t\t\t<\/div>\n\t\t<div class=\"elementor-element elementor-element-4085227 e-flex e-con-boxed e-con e-parent\" data-id=\"4085227\" data-element_type=\"container\">\n\t\t\t\t\t<div class=\"e-con-inner\">\n\t\t<div class=\"elementor-element elementor-element-bb67e16 e-con-full e-flex e-con e-child\" data-id=\"bb67e16\" data-element_type=\"container\">\n\t\t\t\t<div class=\"elementor-element elementor-element-92bac2b elementor-widget elementor-widget-heading\" data-id=\"92bac2b\" data-element_type=\"widget\" data-widget_type=\"heading.default\">\n\t\t\t\t<div class=\"elementor-widget-container\">\n\t\t\t\t\t<h2 class=\"elementor-heading-title elementor-size-default\">ON THE SHORES OF THE LAKE<\/h2>\t\t\t\t<\/div>\n\t\t\t\t<\/div>\n\t\t\t\t<div class=\"elementor-element elementor-element-b83bc63 elementor-widget elementor-widget-text-editor\" data-id=\"b83bc63\" data-element_type=\"widget\" data-widget_type=\"text-editor.default\">\n\t\t\t\t<div class=\"elementor-widget-container\">\n\t\t\t\t\t\t\t\t\t<p class=\"cvGsUA direction-ltr align-center para-style-body\"><span class=\"a_GcMg font-feature-liga-off font-feature-clig-off font-feature-calt-off text-decoration-none text-strikethrough-none\">Villa du Lac is located on the shores of Aiguebelette-le-Lac. The main lake of the Savoyard Pre-Alps, Lake Aiguebelette is close to Chamb\u00e9ry and is surrounded by a preserved environment that will delight lovers of unspoiled nature.<\/span><\/p><p class=\"cvGsUA direction-ltr align-center para-style-body\"><span class=\"a_GcMg font-feature-liga-off font-feature-clig-off font-feature-calt-off text-decoration-none text-strikethrough-none\">\u00a0<\/span><\/p><p class=\"cvGsUA direction-ltr align-center para-style-body\"><span class=\"a_GcMg font-feature-liga-off font-feature-clig-off font-feature-calt-off text-decoration-none text-strikethrough-none\">Its triangular body of water adorned with two wild islets, its emerald green water, a symbol of tranquility, and its surrounding green mountains make this place magical and secret.<\/span><\/p><p class=\"cvGsUA direction-ltr align-center para-style-body\"><span class=\"a_GcMg font-feature-liga-off font-feature-clig-off font-feature-calt-off text-decoration-none text-strikethrough-none\">\u00a0<\/span><\/p><p class=\"cvGsUA direction-ltr align-center para-style-body\"><span class=\"a_GcMg font-feature-liga-off font-feature-clig-off font-feature-calt-off text-decoration-none text-strikethrough-none\">It will only take you a short time to appreciate the breathtaking panoramas that make Lake Aiguebelette a well-known photogenic site throughout the region.<\/span><\/p><p class=\"cvGsUA direction-ltr align-center para-style-body\"><span class=\"a_GcMg font-feature-liga-off font-feature-clig-off font-feature-calt-off text-decoration-none text-strikethrough-none\">\u00a0<\/span><\/p><p class=\"cvGsUA direction-ltr align-center para-style-body\"><span class=\"a_GcMg font-feature-liga-off font-feature-clig-off font-feature-calt-off text-decoration-none text-strikethrough-none\">This place conducive to well-being and rejuvenation is a timeless place, as evidenced by the small riverside towns in Aiguebelette-le-Lac, which have retained all their historical charm.<\/span><\/p>\t\t\t\t\t\t\t\t<\/div>\n\t\t\t\t<\/div>\n\t\t\t\t<\/div>\n\t\t<div class=\"elementor-element elementor-element-ab82237 e-con-full e-flex e-con e-child\" data-id=\"ab82237\" data-element_type=\"container\">\n\t\t\t\t<div class=\"elementor-element elementor-element-6a92e26 elementor-widget elementor-widget-image\" data-id=\"6a92e26\" data-element_type=\"widget\" data-widget_type=\"image.default\">\n\t\t\t\t<div class=\"elementor-widget-container\">\n\t\t\t\t\t\t\t\t\t\t\t\t\t\t\t<img decoding=\"async\" width=\"605\" height=\"806\" src=\"https:\/\/villadulac-aiguebelette.fr\/wp-content\/uploads\/2023\/03\/vdl-home-03-605x806.jpg\" class=\"attachment-th_img_md_portrait size-th_img_md_portrait wp-image-302\" alt=\"Lake Aiguebelette - pontoon\" \/>\t\t\t\t\t\t\t\t\t\t\t\t\t\t\t<\/div>\n\t\t\t\t<\/div>\n\t\t\t\t<\/div>\n\t\t\t\t\t<\/div>\n\t\t\t\t<\/div>\n\t\t<div class=\"elementor-element elementor-element-0eb487e e-flex e-con-boxed e-con e-parent\" data-id=\"0eb487e\" data-element_type=\"container\">\n\t\t\t\t\t<div class=\"e-con-inner\">\n\t\t\t\t\t<\/div>\n\t\t\t\t<\/div>\n\t\t\t\t<\/div>","protected":false},"excerpt":{"rendered":"<p>THE SOUL OF THE VILLA Driven by the spirit and vision of Karine and Sylvain Brun, the villa is reborn as an exceptional place, where timeless elegance meets a sensitivity deeply rooted in its environment. Through an Art Deco style\u2026 <a href=\"https:\/\/villadulac-aiguebelette.fr\/en\/lifestyle-lake-aiguebelette\/\">Read More<\/a><\/p>","protected":false},"author":8,"featured_media":17166,"parent":0,"menu_order":7,"comment_status":"closed","ping_status":"closed","template":"","meta":{"footnotes":""},"class_list":["post-17746","page","type-page","status-publish","has-post-thumbnail","hentry"],"yoast_head":"<!-- This site is optimized with the Yoast SEO plugin v26.6 - https:\/\/yoast.com\/wordpress\/plugins\/seo\/ -->\n<title>La Villa du Lac, art de vivre au lac d\u2019Aiguebelette<\/title>\n<meta name=\"description\" content=\"La Villa du Lac incarne l\u2019art de vivre au bord du lac d\u2019Aiguebelette : \u00e9l\u00e9gance art d\u00e9co, cuisine locale et atmosph\u00e8re hors du temps.\" \/>\n<meta name=\"robots\" content=\"index, follow, max-snippet:-1, max-image-preview:large, max-video-preview:-1\" \/>\n<link rel=\"canonical\" href=\"https:\/\/villadulac-aiguebelette.fr\/en\/lifestyle-lake-aiguebelette\/\" \/>\n<meta property=\"og:locale\" content=\"en_GB\" \/>\n<meta property=\"og:type\" content=\"article\" \/>\n<meta property=\"og:title\" content=\"La Villa du Lac, art de vivre au lac d\u2019Aiguebelette\" \/>\n<meta property=\"og:description\" content=\"La Villa du Lac incarne l\u2019art de vivre au bord du lac d\u2019Aiguebelette : \u00e9l\u00e9gance art d\u00e9co, cuisine locale et atmosph\u00e8re hors du temps.\" \/>\n<meta property=\"og:url\" content=\"https:\/\/villadulac-aiguebelette.fr\/en\/lifestyle-lake-aiguebelette\/\" \/>\n<meta property=\"og:site_name\" content=\"La Villa du Lac\" \/>\n<meta property=\"article:publisher\" content=\"https:\/\/www.facebook.com\/VDLaiguebelette\" \/>\n<meta property=\"article:modified_time\" content=\"2026-02-26T16:03:49+00:00\" \/>\n<meta property=\"og:image\" content=\"https:\/\/villadulac-aiguebelette.fr\/wp-content\/uploads\/2025\/08\/repas-noel-savoie-entreprise.webp\" \/>\n\t<meta property=\"og:image:width\" content=\"1920\" \/>\n\t<meta property=\"og:image:height\" content=\"1280\" \/>\n\t<meta property=\"og:image:type\" content=\"image\/webp\" \/>\n<meta name=\"twitter:card\" content=\"summary_large_image\" \/>\n<script type=\"application\/ld+json\" class=\"yoast-schema-graph\">{\"@context\":\"https:\/\/schema.org\",\"@graph\":[{\"@type\":\"WebPage\",\"@id\":\"https:\/\/villadulac-aiguebelette.fr\/art-de-vivre-lac-aiguebelette\/\",\"url\":\"https:\/\/villadulac-aiguebelette.fr\/art-de-vivre-lac-aiguebelette\/\",\"name\":\"La Villa du Lac, art de vivre au lac d\u2019Aiguebelette\",\"isPartOf\":{\"@id\":\"https:\/\/villadulac-aiguebelette.fr\/#website\"},\"primaryImageOfPage\":{\"@id\":\"https:\/\/villadulac-aiguebelette.fr\/art-de-vivre-lac-aiguebelette\/#primaryimage\"},\"image\":{\"@id\":\"https:\/\/villadulac-aiguebelette.fr\/art-de-vivre-lac-aiguebelette\/#primaryimage\"},\"thumbnailUrl\":\"https:\/\/villadulac-aiguebelette.fr\/wp-content\/uploads\/2025\/08\/repas-noel-savoie-entreprise.webp\",\"datePublished\":\"2026-01-15T13:17:35+00:00\",\"dateModified\":\"2026-02-26T16:03:49+00:00\",\"description\":\"La Villa du Lac incarne l\u2019art de vivre au bord du lac d\u2019Aiguebelette : \u00e9l\u00e9gance art d\u00e9co, cuisine locale et atmosph\u00e8re hors du temps.\",\"breadcrumb\":{\"@id\":\"https:\/\/villadulac-aiguebelette.fr\/art-de-vivre-lac-aiguebelette\/#breadcrumb\"},\"inLanguage\":\"en-GB\",\"potentialAction\":[{\"@type\":\"ReadAction\",\"target\":[\"https:\/\/villadulac-aiguebelette.fr\/art-de-vivre-lac-aiguebelette\/\"]}]},{\"@type\":\"ImageObject\",\"inLanguage\":\"en-GB\",\"@id\":\"https:\/\/villadulac-aiguebelette.fr\/art-de-vivre-lac-aiguebelette\/#primaryimage\",\"url\":\"https:\/\/villadulac-aiguebelette.fr\/wp-content\/uploads\/2025\/08\/repas-noel-savoie-entreprise.webp\",\"contentUrl\":\"https:\/\/villadulac-aiguebelette.fr\/wp-content\/uploads\/2025\/08\/repas-noel-savoie-entreprise.webp\",\"width\":1920,\"height\":1280,\"caption\":\"repas noel savoie entreprise\"},{\"@type\":\"BreadcrumbList\",\"@id\":\"https:\/\/villadulac-aiguebelette.fr\/art-de-vivre-lac-aiguebelette\/#breadcrumb\",\"itemListElement\":[{\"@type\":\"ListItem\",\"position\":1,\"name\":\"Accueil\",\"item\":\"https:\/\/villadulac-aiguebelette.fr\/\"},{\"@type\":\"ListItem\",\"position\":2,\"name\":\"La Villa\"}]},{\"@type\":\"WebSite\",\"@id\":\"https:\/\/villadulac-aiguebelette.fr\/#website\",\"url\":\"https:\/\/villadulac-aiguebelette.fr\/\",\"name\":\"La Villa du Lac\",\"description\":\"\",\"publisher\":{\"@id\":\"https:\/\/villadulac-aiguebelette.fr\/#organization\"},\"potentialAction\":[{\"@type\":\"SearchAction\",\"target\":{\"@type\":\"EntryPoint\",\"urlTemplate\":\"https:\/\/villadulac-aiguebelette.fr\/?s={search_term_string}\"},\"query-input\":{\"@type\":\"PropertyValueSpecification\",\"valueRequired\":true,\"valueName\":\"search_term_string\"}}],\"inLanguage\":\"en-GB\"},{\"@type\":\"Organization\",\"@id\":\"https:\/\/villadulac-aiguebelette.fr\/#organization\",\"name\":\"La Villa du Lac\",\"url\":\"https:\/\/villadulac-aiguebelette.fr\/\",\"logo\":{\"@type\":\"ImageObject\",\"inLanguage\":\"en-GB\",\"@id\":\"https:\/\/villadulac-aiguebelette.fr\/#\/schema\/logo\/image\/\",\"url\":\"https:\/\/villadulac-aiguebelette.fr\/wp-content\/uploads\/2023\/04\/logo-la-villa-du-lac-06.png\",\"contentUrl\":\"https:\/\/villadulac-aiguebelette.fr\/wp-content\/uploads\/2023\/04\/logo-la-villa-du-lac-06.png\",\"width\":2917,\"height\":2917,\"caption\":\"La Villa du Lac\"},\"image\":{\"@id\":\"https:\/\/villadulac-aiguebelette.fr\/#\/schema\/logo\/image\/\"},\"sameAs\":[\"https:\/\/www.facebook.com\/VDLaiguebelette\",\"https:\/\/www.instagram.com\/vdlaiguebelette\/\",\"https:\/\/www.linkedin.com\/company\/vdlaiguebelette\/\"]}]}<\/script>\n<!-- \/ Yoast SEO plugin. -->","yoast_head_json":{"title":"Villa du Lac, the art of living at Lake Aiguebelette","description":"Villa du Lac embodies the art of living on the shores of Lake Aiguebelette: art deco elegance, local cuisine and a timeless atmosphere.","robots":{"index":"index","follow":"follow","max-snippet":"max-snippet:-1","max-image-preview":"max-image-preview:large","max-video-preview":"max-video-preview:-1"},"canonical":"https:\/\/villadulac-aiguebelette.fr\/en\/lifestyle-lake-aiguebelette\/","og_locale":"en_GB","og_type":"article","og_title":"La Villa du Lac, art de vivre au lac d\u2019Aiguebelette","og_description":"La Villa du Lac incarne l\u2019art de vivre au bord du lac d\u2019Aiguebelette : \u00e9l\u00e9gance art d\u00e9co, cuisine locale et atmosph\u00e8re hors du temps.","og_url":"https:\/\/villadulac-aiguebelette.fr\/en\/lifestyle-lake-aiguebelette\/","og_site_name":"La Villa du Lac","article_publisher":"https:\/\/www.facebook.com\/VDLaiguebelette","article_modified_time":"2026-02-26T16:03:49+00:00","og_image":[{"width":1920,"height":1280,"url":"https:\/\/villadulac-aiguebelette.fr\/wp-content\/uploads\/2025\/08\/repas-noel-savoie-entreprise.webp","type":"image\/webp"}],"twitter_card":"summary_large_image","schema":{"@context":"https:\/\/schema.org","@graph":[{"@type":"WebPage","@id":"https:\/\/villadulac-aiguebelette.fr\/art-de-vivre-lac-aiguebelette\/","url":"https:\/\/villadulac-aiguebelette.fr\/art-de-vivre-lac-aiguebelette\/","name":"Villa du Lac, the art of living at Lake Aiguebelette","isPartOf":{"@id":"https:\/\/villadulac-aiguebelette.fr\/#website"},"primaryImageOfPage":{"@id":"https:\/\/villadulac-aiguebelette.fr\/art-de-vivre-lac-aiguebelette\/#primaryimage"},"image":{"@id":"https:\/\/villadulac-aiguebelette.fr\/art-de-vivre-lac-aiguebelette\/#primaryimage"},"thumbnailUrl":"https:\/\/villadulac-aiguebelette.fr\/wp-content\/uploads\/2025\/08\/repas-noel-savoie-entreprise.webp","datePublished":"2026-01-15T13:17:35+00:00","dateModified":"2026-02-26T16:03:49+00:00","description":"Villa du Lac embodies the art of living on the shores of Lake Aiguebelette: art deco elegance, local cuisine and a timeless atmosphere.","breadcrumb":{"@id":"https:\/\/villadulac-aiguebelette.fr\/art-de-vivre-lac-aiguebelette\/#breadcrumb"},"inLanguage":"en-GB","potentialAction":[{"@type":"ReadAction","target":["https:\/\/villadulac-aiguebelette.fr\/art-de-vivre-lac-aiguebelette\/"]}]},{"@type":"ImageObject","inLanguage":"en-GB","@id":"https:\/\/villadulac-aiguebelette.fr\/art-de-vivre-lac-aiguebelette\/#primaryimage","url":"https:\/\/villadulac-aiguebelette.fr\/wp-content\/uploads\/2025\/08\/repas-noel-savoie-entreprise.webp","contentUrl":"https:\/\/villadulac-aiguebelette.fr\/wp-content\/uploads\/2025\/08\/repas-noel-savoie-entreprise.webp","width":1920,"height":1280,"caption":"repas noel savoie entreprise"},{"@type":"BreadcrumbList","@id":"https:\/\/villadulac-aiguebelette.fr\/art-de-vivre-lac-aiguebelette\/#breadcrumb","itemListElement":[{"@type":"ListItem","position":1,"name":"Accueil","item":"https:\/\/villadulac-aiguebelette.fr\/"},{"@type":"ListItem","position":2,"name":"La Villa"}]},{"@type":"WebSite","@id":"https:\/\/villadulac-aiguebelette.fr\/#website","url":"https:\/\/villadulac-aiguebelette.fr\/","name":"La Villa du Lac","description":"","publisher":{"@id":"https:\/\/villadulac-aiguebelette.fr\/#organization"},"potentialAction":[{"@type":"SearchAction","target":{"@type":"EntryPoint","urlTemplate":"https:\/\/villadulac-aiguebelette.fr\/?s={search_term_string}"},"query-input":{"@type":"PropertyValueSpecification","valueRequired":true,"valueName":"search_term_string"}}],"inLanguage":"en-GB"},{"@type":"Organization","@id":"https:\/\/villadulac-aiguebelette.fr\/#organization","name":"La Villa du Lac","url":"https:\/\/villadulac-aiguebelette.fr\/","logo":{"@type":"ImageObject","inLanguage":"en-GB","@id":"https:\/\/villadulac-aiguebelette.fr\/#\/schema\/logo\/image\/","url":"https:\/\/villadulac-aiguebelette.fr\/wp-content\/uploads\/2023\/04\/logo-la-villa-du-lac-06.png","contentUrl":"https:\/\/villadulac-aiguebelette.fr\/wp-content\/uploads\/2023\/04\/logo-la-villa-du-lac-06.png","width":2917,"height":2917,"caption":"La Villa du Lac"},"image":{"@id":"https:\/\/villadulac-aiguebelette.fr\/#\/schema\/logo\/image\/"},"sameAs":["https:\/\/www.facebook.com\/VDLaiguebelette","https:\/\/www.instagram.com\/vdlaiguebelette\/","https:\/\/www.linkedin.com\/company\/vdlaiguebelette\/"]}]}},"_links":{"self":[{"href":"https:\/\/villadulac-aiguebelette.fr\/en\/wp-json\/wp\/v2\/pages\/17746","targetHints":{"allow":["GET"]}}],"collection":[{"href":"https:\/\/villadulac-aiguebelette.fr\/en\/wp-json\/wp\/v2\/pages"}],"about":[{"href":"https:\/\/villadulac-aiguebelette.fr\/en\/wp-json\/wp\/v2\/types\/page"}],"author":[{"embeddable":true,"href":"https:\/\/villadulac-aiguebelette.fr\/en\/wp-json\/wp\/v2\/users\/8"}],"replies":[{"embeddable":true,"href":"https:\/\/villadulac-aiguebelette.fr\/en\/wp-json\/wp\/v2\/comments?post=17746"}],"version-history":[{"count":21,"href":"https:\/\/villadulac-aiguebelette.fr\/en\/wp-json\/wp\/v2\/pages\/17746\/revisions"}],"predecessor-version":[{"id":18785,"href":"https:\/\/villadulac-aiguebelette.fr\/en\/wp-json\/wp\/v2\/pages\/17746\/revisions\/18785"}],"wp:featuredmedia":[{"embeddable":true,"href":"https:\/\/villadulac-aiguebelette.fr\/en\/wp-json\/wp\/v2\/media\/17166"}],"wp:attachment":[{"href":"https:\/\/villadulac-aiguebelette.fr\/en\/wp-json\/wp\/v2\/media?parent=17746"}],"curies":[{"name":"wp","href":"https:\/\/api.w.org\/{rel}","templated":true}]}}