{"id":60,"date":"2021-10-18T17:01:15","date_gmt":"2021-10-18T17:01:15","guid":{"rendered":"https:\/\/import.bellevuetheme.com\/hotel\/?page_id=1933"},"modified":"2026-01-21T11:21:59","modified_gmt":"2026-01-21T10:21:59","slug":"terms-conditions","status":"publish","type":"page","link":"https:\/\/villadulac-aiguebelette.fr\/en\/booking-confirmation\/terms-conditions\/","title":{"rendered":"GENERAL TERMS AND CONDITIONS OF SALE \u2013 LA VILLA DU LAC"},"content":{"rendered":"<div data-elementor-type=\"wp-page\" data-elementor-id=\"60\" class=\"elementor elementor-60\">\n\t\t\t\t\t\t<section class=\"elementor-section elementor-top-section elementor-element elementor-element-8bfbe34 elementor-section-boxed elementor-section-height-default elementor-section-height-default\" data-id=\"8bfbe34\" data-element_type=\"section\">\n\t\t\t\t\t\t<div class=\"elementor-container elementor-column-gap-default\">\n\t\t\t\t\t<div class=\"elementor-column elementor-col-100 elementor-top-column elementor-element elementor-element-c8634d6\" data-id=\"c8634d6\" data-element_type=\"column\">\n\t\t\t<div class=\"elementor-widget-wrap elementor-element-populated\">\n\t\t\t\t\t\t<div class=\"elementor-element elementor-element-078efff elementor-widget elementor-widget-heading\" data-id=\"078efff\" data-element_type=\"widget\" data-widget_type=\"heading.default\">\n\t\t\t\t<div class=\"elementor-widget-container\">\n\t\t\t\t\t<h2 class=\"elementor-heading-title elementor-size-default\">GENERAL TERMS AND CONDITIONS OF SALE - LA VILLA DU LAC<\/h2>\t\t\t\t<\/div>\n\t\t\t\t<\/div>\n\t\t\t\t<div class=\"elementor-element elementor-element-da2a0e6 elementor-widget elementor-widget-text-editor\" data-id=\"da2a0e6\" data-element_type=\"widget\" data-widget_type=\"text-editor.default\">\n\t\t\t\t<div class=\"elementor-widget-container\">\n\t\t\t\t\t\t\t\t\t<p data-start=\"633\" data-end=\"654\"><strong data-start=\"633\" data-end=\"654\">Article 1 \u2013 Purpose<\/strong><\/p><p data-start=\"656\" data-end=\"901\">These terms and conditions govern the booking and stay arrangements at La Villa du Lac, located in Aiguebelette-le-Lac. All bookings imply full and unreserved acceptance of these terms and conditions by the client.<\/p><p data-start=\"903\" data-end=\"946\"><strong data-start=\"903\" data-end=\"946\">Article 2 \u2013 Length of stay and schedule<\/strong><\/p><p data-start=\"948\" data-end=\"1093\">The rental agreement is for a fixed term. The client will not have any right to remain on the premises after the end of the rental period.<\/p><p data-start=\"1095\" data-end=\"1197\">Arrivals take place between 4:00 PM and 7:00 PM.<br data-start=\"1142\" data-end=\"1145\" \/>Departures must take place no later than 11:00 AM.<\/p><p data-start=\"1199\" data-end=\"1243\"><strong data-start=\"1199\" data-end=\"1243\">Article 3 \u2013 Conclusion of the reservation<\/strong><\/p><p data-start=\"1245\" data-end=\"1340\">The reservation becomes firm and final upon payment of the full amount of the stay.<\/p><p data-start=\"1342\" data-end=\"1620\">The rental is strictly personal and may not, under any circumstances, benefit any third party, whether an individual or a legal entity, even partially, without the prior written consent of La Villa du Lac. Any violation may result in the immediate termination of the stay, without refund.<\/p><p data-start=\"1622\" data-end=\"1773\">The rooms are designed for a maximum of two people.<br data-start=\"1682\" data-end=\"1685\" \/>Rooms 32 and 33 can be connected and accommodate up to four people.<\/p><p data-start=\"1775\" data-end=\"2293\">In rooms 15, 23, 24, and 46, an extra bed for a child can be added upon prior request and subject to availability. This request must be made when booking in the designated field.<br data-start=\"2008\" data-end=\"2011\" \/>The price is \u20ac25 per night, excluding tourist tax, payable on site.<br data-start=\"2082\" data-end=\"2085\" \/>This price includes services related to the additional person.<br data-start=\"2154\" data-end=\"2157\" \/>Extra beds are provided exclusively by La Villa du Lac. Bringing personal mattresses or bedding is not permitted.<\/p><p data-start=\"2295\" data-end=\"2335\"><strong data-start=\"2295\" data-end=\"2335\">Article 4 \u2013 Cancellation by the customer<\/strong><\/p><p data-start=\"2337\" data-end=\"2426\">Any cancellation must be notified in writing (postal mail or email).<\/p><p data-start=\"2428\" data-end=\"2556\">a) Cancellation more than 7 days (120 hours) before the scheduled arrival date at 4:00 PM: full refund of sums paid.<\/p><p data-start=\"2558\" data-end=\"2708\">b) Cancellation less than 7 days (120 hours) before the scheduled arrival date at 4:00 PM: all sums paid remain the property of La Villa du Lac.<\/p><p data-start=\"2710\" data-end=\"2776\">c) In case of a shortened stay, no refund will be given.<\/p><p data-start=\"2778\" data-end=\"2824\"><strong data-start=\"2778\" data-end=\"2824\">Article 5 \u2013 Cancellation by La Villa du Lac<\/strong><\/p><p data-start=\"2826\" data-end=\"3021\">In the event of cancellation of the stay by La Villa du Lac, the sums paid by the client will be fully refunded, without the client being entitled to any additional compensation.<\/p><p data-start=\"3023\" data-end=\"3046\"><strong data-start=\"3023\" data-end=\"3046\">Article 6 \u2013 Arrival<\/strong><\/p><p data-start=\"3048\" data-end=\"3213\">The client is required to arrive at the specified times on the day of arrival. In case of late or delayed arrival, they must inform La Villa du Lac immediately.<\/p><p data-start=\"3215\" data-end=\"3252\"><strong data-start=\"3215\" data-end=\"3252\">Article 7 \u2013 Use of the premises<\/strong><\/p><p data-start=\"3254\" data-end=\"3363\">The client agrees to occupy the premises peacefully and to respect their intended purpose as temporary accommodation.<\/p><p data-start=\"3365\" data-end=\"3391\">In particular, he is required to:<\/p><ul data-start=\"3392\" data-end=\"4096\"><li data-start=\"3392\" data-end=\"3480\"><p data-start=\"3394\" data-end=\"3480\">not to carry out any commercial, professional or industrial activity on the premises,<\/p><\/li><li data-start=\"3481\" data-end=\"3522\"><p data-start=\"3483\" data-end=\"3522\">respect the peace and quiet of the neighborhood.,<\/p><\/li><li data-start=\"3523\" data-end=\"3589\"><p data-start=\"3525\" data-end=\"3589\">to personally occupy the premises without subletting or assigning them,<\/p><\/li><li data-start=\"3590\" data-end=\"3651\"><p data-start=\"3592\" data-end=\"3651\">do not make any changes to the premises or the furniture.,<\/p><\/li><li data-start=\"3652\" data-end=\"3717\"><p data-start=\"3654\" data-end=\"3717\">Do not bring in animals without prior written authorization.,<\/p><\/li><li data-start=\"3718\" data-end=\"3774\"><p data-start=\"3720\" data-end=\"3774\">accept the execution of urgent work if necessary,<\/p><\/li><li data-start=\"3775\" data-end=\"3830\"><p data-start=\"3777\" data-end=\"3830\">Report any damage or incident immediately.,<\/p><\/li><li data-start=\"3831\" data-end=\"3901\"><p data-start=\"3833\" data-end=\"3901\">to be held responsible for damage caused by himself or his companions,<\/p><\/li><li data-start=\"3902\" data-end=\"3935\"><p data-start=\"3904\" data-end=\"3935\">No smoking in the rooms.,<\/p><\/li><li data-start=\"3936\" data-end=\"4096\"><p data-start=\"3938\" data-end=\"4096\">Do not use open flames in the rooms, including candles, incense or any similar device, which are strictly prohibited for safety reasons.<\/p><\/li><\/ul><p data-start=\"4098\" data-end=\"4132\"><strong data-start=\"4098\" data-end=\"4132\">Article 8 \u2013 Accommodation Capacity<\/strong><\/p><p data-start=\"4134\" data-end=\"4390\">This contract is established for a maximum capacity defined at the time of booking.<br data-start=\"4222\" data-end=\"4225\" \/>If this capacity is exceeded, La Villa du Lac reserves the right to refuse additional persons or to terminate the stay, without refund.<\/p><p data-start=\"4392\" data-end=\"4415\"><strong data-start=\"4392\" data-end=\"4415\">Article 9 \u2013 Animals<\/strong><\/p><p data-start=\"4417\" data-end=\"4617\">Animals are not allowed on the premises.<br data-start=\"4474\" data-end=\"4477\" \/>In case of non-compliance with this rule, La Villa du Lac reserves the right to refuse access or terminate the stay, without refund.<\/p><p data-start=\"4619\" data-end=\"4659\"><strong data-start=\"4619\" data-end=\"4659\">Article 10 \u2013 Claims and disputes<\/strong><\/p><p data-start=\"4661\" data-end=\"4814\">Any complaint relating to the condition of the premises or the description must be made in writing within three days of entering the premises.<\/p><p data-start=\"4816\" data-end=\"4936\">In the event of a persistent disagreement, the client is invited to seek an amicable solution directly with La Villa du Lac.<\/p><p data-start=\"4938\" data-end=\"5060\">In the absence of an amicable agreement, the dispute may be brought before the competent courts in accordance with French law.<\/p><p data-start=\"5062\" data-end=\"5095\"><strong data-start=\"5062\" data-end=\"5095\">Article 11 \u2013 Applicable Law<\/strong><\/p><p data-start=\"5097\" data-end=\"5173\">These general terms and conditions of sale are governed by French law.<\/p>\t\t\t\t\t\t\t\t<\/div>\n\t\t\t\t<\/div>\n\t\t\t\t\t<\/div>\n\t\t<\/div>\n\t\t\t\t\t<\/div>\n\t\t<\/section>\n\t\t\t\t<\/div>","protected":false},"excerpt":{"rendered":"<p>GENERAL TERMS AND CONDITIONS OF SALE \u2013 LA VILLA DU LAC Article 1 \u2013 Purpose These general terms and conditions of sale govern the booking and stay procedures at La Villa du Lac, located in Aiguebelette-le-Lac. All bookings imply\u2026 <a href=\"https:\/\/villadulac-aiguebelette.fr\/en\/booking-confirmation\/terms-conditions\/\">Read More<\/a><\/p>","protected":false},"author":8,"featured_media":0,"parent":61,"menu_order":1,"comment_status":"closed","ping_status":"closed","template":"","meta":{"footnotes":""},"class_list":["post-60","page","type-page","status-publish","hentry"],"yoast_head":"<!-- This site is optimized with the Yoast SEO plugin v26.6 - https:\/\/yoast.com\/wordpress\/plugins\/seo\/ -->\n<title>CONDITIONS G\u00c9N\u00c9RALES DE VENTE - LA VILLA DU LAC - La Villa du Lac<\/title>\n<meta name=\"robots\" content=\"noindex, follow\" \/>\n<meta property=\"og:locale\" content=\"en_GB\" \/>\n<meta property=\"og:type\" content=\"article\" \/>\n<meta property=\"og:title\" content=\"CONDITIONS G\u00c9N\u00c9RALES DE VENTE - LA VILLA DU LAC - La Villa du Lac\" \/>\n<meta property=\"og:description\" content=\"CONDITIONS G\u00c9N\u00c9RALES DE VENTE &#8211; LA VILLA DU LAC Article 1 \u2013 Objet Les pr\u00e9sentes conditions g\u00e9n\u00e9rales de vente r\u00e9gissent les modalit\u00e9s de r\u00e9servation et de s\u00e9jour au sein de La Villa du Lac, situ\u00e9e \u00e0 Aiguebelette-le-Lac. Toute r\u00e9servation implique &hellip; Read More\" \/>\n<meta property=\"og:url\" content=\"https:\/\/villadulac-aiguebelette.fr\/en\/booking-confirmation\/terms-conditions\/\" \/>\n<meta property=\"og:site_name\" content=\"La Villa du Lac\" \/>\n<meta property=\"article:publisher\" content=\"https:\/\/www.facebook.com\/VDLaiguebelette\" \/>\n<meta property=\"article:modified_time\" content=\"2026-01-21T10:21:59+00:00\" \/>\n<meta property=\"og:image\" content=\"https:\/\/villadulac-aiguebelette.fr\/wp-content\/uploads\/2023\/04\/hotel-restaurant-aiguebelette-villa-du-lac.jpg\" \/>\n\t<meta property=\"og:image:width\" content=\"2438\" \/>\n\t<meta property=\"og:image:height\" content=\"1626\" \/>\n\t<meta property=\"og:image:type\" content=\"image\/jpeg\" \/>\n<meta name=\"twitter:card\" content=\"summary_large_image\" \/>\n<script type=\"application\/ld+json\" class=\"yoast-schema-graph\">{\"@context\":\"https:\/\/schema.org\",\"@graph\":[{\"@type\":\"WebPage\",\"@id\":\"https:\/\/villadulac-aiguebelette.fr\/booking-confirmation\/terms-conditions\/\",\"url\":\"https:\/\/villadulac-aiguebelette.fr\/booking-confirmation\/terms-conditions\/\",\"name\":\"CONDITIONS G\u00c9N\u00c9RALES DE VENTE - LA VILLA DU LAC - La Villa du Lac\",\"isPartOf\":{\"@id\":\"https:\/\/villadulac-aiguebelette.fr\/#website\"},\"datePublished\":\"2021-10-18T17:01:15+00:00\",\"dateModified\":\"2026-01-21T10:21:59+00:00\",\"breadcrumb\":{\"@id\":\"https:\/\/villadulac-aiguebelette.fr\/booking-confirmation\/terms-conditions\/#breadcrumb\"},\"inLanguage\":\"en-GB\",\"potentialAction\":[{\"@type\":\"ReadAction\",\"target\":[\"https:\/\/villadulac-aiguebelette.fr\/booking-confirmation\/terms-conditions\/\"]}]},{\"@type\":\"BreadcrumbList\",\"@id\":\"https:\/\/villadulac-aiguebelette.fr\/booking-confirmation\/terms-conditions\/#breadcrumb\",\"itemListElement\":[{\"@type\":\"ListItem\",\"position\":1,\"name\":\"Accueil\",\"item\":\"https:\/\/villadulac-aiguebelette.fr\/\"},{\"@type\":\"ListItem\",\"position\":2,\"name\":\"Booking Confirmation\",\"item\":\"https:\/\/villadulac-aiguebelette.fr\/booking-confirmation\/\"},{\"@type\":\"ListItem\",\"position\":3,\"name\":\"CONDITIONS G\u00c9N\u00c9RALES DE VENTE &#8211; LA VILLA DU LAC\"}]},{\"@type\":\"WebSite\",\"@id\":\"https:\/\/villadulac-aiguebelette.fr\/#website\",\"url\":\"https:\/\/villadulac-aiguebelette.fr\/\",\"name\":\"La Villa du Lac\",\"description\":\"\",\"publisher\":{\"@id\":\"https:\/\/villadulac-aiguebelette.fr\/#organization\"},\"potentialAction\":[{\"@type\":\"SearchAction\",\"target\":{\"@type\":\"EntryPoint\",\"urlTemplate\":\"https:\/\/villadulac-aiguebelette.fr\/?s={search_term_string}\"},\"query-input\":{\"@type\":\"PropertyValueSpecification\",\"valueRequired\":true,\"valueName\":\"search_term_string\"}}],\"inLanguage\":\"en-GB\"},{\"@type\":\"Organization\",\"@id\":\"https:\/\/villadulac-aiguebelette.fr\/#organization\",\"name\":\"La Villa du Lac\",\"url\":\"https:\/\/villadulac-aiguebelette.fr\/\",\"logo\":{\"@type\":\"ImageObject\",\"inLanguage\":\"en-GB\",\"@id\":\"https:\/\/villadulac-aiguebelette.fr\/#\/schema\/logo\/image\/\",\"url\":\"https:\/\/villadulac-aiguebelette.fr\/wp-content\/uploads\/2023\/04\/logo-la-villa-du-lac-06.png\",\"contentUrl\":\"https:\/\/villadulac-aiguebelette.fr\/wp-content\/uploads\/2023\/04\/logo-la-villa-du-lac-06.png\",\"width\":2917,\"height\":2917,\"caption\":\"La Villa du Lac\"},\"image\":{\"@id\":\"https:\/\/villadulac-aiguebelette.fr\/#\/schema\/logo\/image\/\"},\"sameAs\":[\"https:\/\/www.facebook.com\/VDLaiguebelette\",\"https:\/\/www.instagram.com\/vdlaiguebelette\/\",\"https:\/\/www.linkedin.com\/company\/vdlaiguebelette\/\"]}]}<\/script>\n<!-- \/ Yoast SEO plugin. -->","yoast_head_json":{"title":"GENERAL TERMS AND CONDITIONS OF SALE - LA VILLA DU LAC - La Villa du Lac","robots":{"index":"noindex","follow":"follow"},"og_locale":"en_GB","og_type":"article","og_title":"CONDITIONS G\u00c9N\u00c9RALES DE VENTE - LA VILLA DU LAC - La Villa du Lac","og_description":"CONDITIONS G\u00c9N\u00c9RALES DE VENTE &#8211; LA VILLA DU LAC Article 1 \u2013 Objet Les pr\u00e9sentes conditions g\u00e9n\u00e9rales de vente r\u00e9gissent les modalit\u00e9s de r\u00e9servation et de s\u00e9jour au sein de La Villa du Lac, situ\u00e9e \u00e0 Aiguebelette-le-Lac. Toute r\u00e9servation implique &hellip; Read More","og_url":"https:\/\/villadulac-aiguebelette.fr\/en\/booking-confirmation\/terms-conditions\/","og_site_name":"La Villa du Lac","article_publisher":"https:\/\/www.facebook.com\/VDLaiguebelette","article_modified_time":"2026-01-21T10:21:59+00:00","og_image":[{"width":2438,"height":1626,"url":"https:\/\/villadulac-aiguebelette.fr\/wp-content\/uploads\/2023\/04\/hotel-restaurant-aiguebelette-villa-du-lac.jpg","type":"image\/jpeg"}],"twitter_card":"summary_large_image","schema":{"@context":"https:\/\/schema.org","@graph":[{"@type":"WebPage","@id":"https:\/\/villadulac-aiguebelette.fr\/booking-confirmation\/terms-conditions\/","url":"https:\/\/villadulac-aiguebelette.fr\/booking-confirmation\/terms-conditions\/","name":"GENERAL TERMS AND CONDITIONS OF SALE - LA VILLA DU LAC - La Villa du Lac","isPartOf":{"@id":"https:\/\/villadulac-aiguebelette.fr\/#website"},"datePublished":"2021-10-18T17:01:15+00:00","dateModified":"2026-01-21T10:21:59+00:00","breadcrumb":{"@id":"https:\/\/villadulac-aiguebelette.fr\/booking-confirmation\/terms-conditions\/#breadcrumb"},"inLanguage":"en-GB","potentialAction":[{"@type":"ReadAction","target":["https:\/\/villadulac-aiguebelette.fr\/booking-confirmation\/terms-conditions\/"]}]},{"@type":"BreadcrumbList","@id":"https:\/\/villadulac-aiguebelette.fr\/booking-confirmation\/terms-conditions\/#breadcrumb","itemListElement":[{"@type":"ListItem","position":1,"name":"Accueil","item":"https:\/\/villadulac-aiguebelette.fr\/"},{"@type":"ListItem","position":2,"name":"Booking Confirmation","item":"https:\/\/villadulac-aiguebelette.fr\/booking-confirmation\/"},{"@type":"ListItem","position":3,"name":"CONDITIONS G\u00c9N\u00c9RALES DE VENTE &#8211; LA VILLA DU LAC"}]},{"@type":"WebSite","@id":"https:\/\/villadulac-aiguebelette.fr\/#website","url":"https:\/\/villadulac-aiguebelette.fr\/","name":"La Villa du Lac","description":"","publisher":{"@id":"https:\/\/villadulac-aiguebelette.fr\/#organization"},"potentialAction":[{"@type":"SearchAction","target":{"@type":"EntryPoint","urlTemplate":"https:\/\/villadulac-aiguebelette.fr\/?s={search_term_string}"},"query-input":{"@type":"PropertyValueSpecification","valueRequired":true,"valueName":"search_term_string"}}],"inLanguage":"en-GB"},{"@type":"Organization","@id":"https:\/\/villadulac-aiguebelette.fr\/#organization","name":"La Villa du Lac","url":"https:\/\/villadulac-aiguebelette.fr\/","logo":{"@type":"ImageObject","inLanguage":"en-GB","@id":"https:\/\/villadulac-aiguebelette.fr\/#\/schema\/logo\/image\/","url":"https:\/\/villadulac-aiguebelette.fr\/wp-content\/uploads\/2023\/04\/logo-la-villa-du-lac-06.png","contentUrl":"https:\/\/villadulac-aiguebelette.fr\/wp-content\/uploads\/2023\/04\/logo-la-villa-du-lac-06.png","width":2917,"height":2917,"caption":"La Villa du Lac"},"image":{"@id":"https:\/\/villadulac-aiguebelette.fr\/#\/schema\/logo\/image\/"},"sameAs":["https:\/\/www.facebook.com\/VDLaiguebelette","https:\/\/www.instagram.com\/vdlaiguebelette\/","https:\/\/www.linkedin.com\/company\/vdlaiguebelette\/"]}]}},"_links":{"self":[{"href":"https:\/\/villadulac-aiguebelette.fr\/en\/wp-json\/wp\/v2\/pages\/60","targetHints":{"allow":["GET"]}}],"collection":[{"href":"https:\/\/villadulac-aiguebelette.fr\/en\/wp-json\/wp\/v2\/pages"}],"about":[{"href":"https:\/\/villadulac-aiguebelette.fr\/en\/wp-json\/wp\/v2\/types\/page"}],"author":[{"embeddable":true,"href":"https:\/\/villadulac-aiguebelette.fr\/en\/wp-json\/wp\/v2\/users\/8"}],"replies":[{"embeddable":true,"href":"https:\/\/villadulac-aiguebelette.fr\/en\/wp-json\/wp\/v2\/comments?post=60"}],"version-history":[{"count":13,"href":"https:\/\/villadulac-aiguebelette.fr\/en\/wp-json\/wp\/v2\/pages\/60\/revisions"}],"predecessor-version":[{"id":18303,"href":"https:\/\/villadulac-aiguebelette.fr\/en\/wp-json\/wp\/v2\/pages\/60\/revisions\/18303"}],"up":[{"embeddable":true,"href":"https:\/\/villadulac-aiguebelette.fr\/en\/wp-json\/wp\/v2\/pages\/61"}],"wp:attachment":[{"href":"https:\/\/villadulac-aiguebelette.fr\/en\/wp-json\/wp\/v2\/media?parent=60"}],"curies":[{"name":"wp","href":"https:\/\/api.w.org\/{rel}","templated":true}]}}